{"id":110,"date":"2018-02-07T11:49:10","date_gmt":"2018-02-07T10:49:10","guid":{"rendered":"http:\/\/matthiasbenzing.com\/?page_id=110"},"modified":"2021-03-20T11:12:09","modified_gmt":"2021-03-20T10:12:09","slug":"film","status":"publish","type":"page","link":"http:\/\/matthiasbenzing.com\/?page_id=110","title":{"rendered":"Filme"},"content":{"rendered":"<h3>Seit 1995 arbeite ich als freier Kameramann. Neben einigen Magazinbeitr\u00e4gen f\u00fcr meist deutsche Fernsehsender, Imagefilmen, Videoclips, Interviews und Moderationen habe ich in dieser Zeit vor allem Dokumentationen und Reportagen gedreht.<\/h3>\n<h3>Hier eine Auswahl:<\/h3>\n<h4>Der ewige Antisemit &#8211; Die Geschichte einer unerwiderten Liebe<\/h4>\n<p>Dokumentarfilm, 80 Minuten, BR Fernsehen, Autoren: Henryk M. Broder, Joachim Schroeder (2017)<\/p>\n<h4>Auserw\u00e4hlt und ausgegrenzt &#8211; Der Hass auf Juden in Europa<\/h4>\n<p>Dokumentation, 90 Minuten, WDR\/Arte, Autoren: Joachim Schroeder, Sophie Hafner (2016\/17)<\/p>\n<h4>Gondola &#8211; Eine venezianische Geschichte<\/h4>\n<p>Dokumentation, 45 Minuten, BR Fernsehen, Autorin: Sabine Scharnagl (2016\/17)<\/p>\n<h4>M\u00e4nner der See<\/h4>\n<p>Reportagereihe \u00fcber Seeleute, 2 Staffeln, 8&#215;45 Minuten, DMAX, Autor: Tobias Streck, Matthias Benzing, Tom Khazaleh\u00a0 (2015-2017)<\/p>\n<h4>Springer und S\u00fc\u00df &#8211; Der Schein des Geldes<\/h4>\n<p>Dreiteiler mit den Kabarettisten Christoph S\u00fc\u00df und Chistian Springer \u00fcber die Kulturgeschichte des Geldes, 3&#215;45 Minuten, BR Fernsehen (2014)<\/p>\n<h4>Der Mietreport &#8211; Wenn Wohnen unbezahlbar wird (ARD &#8211; Die Story)<\/h4>\n<p>Reportage, 45 Minuten, ARD\/HR, Autor: Tobias Streck (2014)<\/p>\n<h4>Farmer Forever<\/h4>\n<p>Reportagereihe \u00fcber Landwirte in Deutschland, 4&#215;45 Minuten, DMAX, Autor: Til Sch\u00f6negger (2013\/14)<\/p>\n<h4>Axel Springer &#8211; Ein deutscher Verleger<\/h4>\n<p>Dokumentation, 45 Minuten, ARD\/BR Fernsehen, Autor Eckart Querner (2011)<\/p>\n<h4>Entweder Broder &#8211; Die Deutschland-Safari \/ Die Europa-Safari<\/h4>\n<p>Reportagereihe in 3 Staffeln mit Henryk M. Broder und Hamed Abdel-Samad, 14&#215;30 Minuten, ARD\/HR\/BR\/SR, Autoren: Joachim Schroeder und Tobias Streck (2010-2012) \/ <strong>Bayerischer Filmpreis 2012, puk-Journalistenpreis <\/strong><strong>(Deutscher Kulturrat)<\/strong><strong> 2011, Nominierung Deutscher Fernsehpreis 2012, Nominierung CIVIS-Medienpreis 2011<\/strong><\/p>\n<h4>Des K\u00f6nigs Zauberfl\u00f6te<\/h4>\n<p>Dokumentation, 45 Minuten, BR Fernsehen, Autor: Eckart Querner (2011)<\/p>\n<h4>Und ewig sterben die W\u00e4lder<\/h4>\n<p>Dokumentation, 45 Minuten, Arte, Autor: Tobias Streck (2010\/11)<\/p>\n<h4>Deutsche Dynastien\u00a0 &#8211;\u00a0 Die Guttenbergs<\/h4>\n<p>Dokumentation, 45 Minuten, ARD\/BR, Autor: Eckart Querner (2010)<\/p>\n<h4>Schlagstock unterm Sari &#8211; Indiens Frauen wehren sich<\/h4>\n<p>Reportage, 30 Minuten, WDR (8 Minuten f\u00fcr ARD-Weltspiegel), Autorin: Dorothe D\u00f6rholt (2010) \/ <strong>Nominierung f\u00fcr den deutschen Menschenrechts-Filmpreis 2010<\/strong><\/p>\n<h4>Weiterleben! 60 Jahre j\u00fcdisches Leben in Deutschland<\/h4>\n<p>Dokumentation, 45 Minuten, BR Fernsehen, Autorin: Henriette Schroeder (2009)<\/p>\n<h4>Die Ludolfs &#8211; Dankesch\u00f6n f\u00fcr Italien<\/h4>\n<p>Kinofilm, 100 Minuten, Regie: Tobias Streck, Stefan Vaupel, Matthias Benzing (2008\/09)<\/p>\n<h4>Die Ludolfs &#8211; 4 Br\u00fcder auf&#8217;m Schrottplatz<\/h4>\n<p>Doku-Soap auf DMAX, Staffeln 1-5, 46 von 68 Folgen \u00e1 45 Minuten, davon 11 als lichtsetzender Kameramann und 35 als Autor\/Producer (2006-08) \/ <strong>Nominierung f\u00fcr den Adolf-Grimme-Preis (Unterhaltung) 2009<\/strong><\/p>\n<h4>Auge in Auge &#8211; Eine deutsche Filmgeschichte<\/h4>\n<p>Dokumentarfilm f\u00fcrs Kino von Michael Althen und Hans Helmut Prinzler, 106 Minuten (2006-08) \/ <strong>58. Berlinale Special, Nominierung f\u00fcr den Adolf-Grimme-Preis (Information und Kultur) 2011<\/strong><\/p>\n<h4>Mit Allah im Kampf ums \u00d6l<\/h4>\n<p>Zweiteilige Dokumentation, je 45 Minuten, ARD\/BR, Autoren: Dieter Schr\u00f6der, Joachim Schroeder (2005-07)<\/p>\n<h4>Spurensuche &#8211; Der Wei\u00dfe Hai im Mittelmeer<\/h4>\n<p>Dokumentation, 45 Minuten, ZDF\/Arte, Autor: Mark Kaczmarzcyk (2005\/06)<\/p>\n<h4>Trotzdem Deutsch &#8211; Juden in der deutschen Nachkriegskultur<\/h4>\n<p>Vierteilige Dokumentation, je 45 Minuten, BR\/3Sat, Autor: Richard Chaim Schneider (2002-05) \/ <strong>Nominierung f\u00fcr den Adolf-Grimme-Preis (Kultur) 2007<\/strong><\/p>\n<h4>NDR Menschen, Leben, Abenteuer &#8211; Little Odessa<\/h4>\n<p>Reisedokumentation, 45 Minuten, NDR, Autorin: Henriette Schroeder (2004)<\/p>\n<h4>\u00a0Slippin &#8211; Ten Years with the Bloods<\/h4>\n<p>Englischsprachige Dokumentation \u00fcber Gangs in Los Angeles, 80 Minuten, Autoren: Joachim Schroeder, Tommy Sowards (2003)<\/p>\n<h4>Pro7 Terraluna: Der Lawinenmann \/ Die Kindersoldaten in Russland \/ Speed \/ Mit \u00dcberschall \u00fcber die W\u00fcste<\/h4>\n<p>Reportagen, je 28 Minuten, Pro7, Autoren: Mark Kaczmarzcyk, Silke Gondolf (2003)<\/p>\n<h4>Hitlers Amerikanische Gesch\u00e4ftsfreunde und Hitlers Kampf mit Roosevelt &#8211; Ein Weltmachtstraum scheitert<\/h4>\n<p>Zwei Dokumentationen, 16mm schwarz\/wei\u00df, je 45 Minuten, ARD\/BR, Autoren: Dieter Schr\u00f6der und Joachim Schroeder (2001-03)<\/p>\n<h4>Im Tal der Adler<\/h4>\n<p>Dokumentation, 58 Minuten, BR Fernsehen, Autor: Mark Kaczmarzcyk (2001\/02)<\/p>\n<h4>Die Plattmacher<\/h4>\n<p>Dokumentation \u00fcber Sprengmeister, 40 Minuten, SWF, Autor: Matthias Benzing (2001\/02)<\/p>\n<h4>Stra\u00dfenkinder in Berlin<\/h4>\n<p>Reportage, 30 Minuten, Vox \/ S\u00fcddeutsche Zeitung-tv, Autor: Max Rachals (2001)<\/p>\n<h4>Ferdinands Traumfabrik &#8211; Volkswagen<\/h4>\n<p>Reportage, 25 Minuten, Arte, Autor: Tobias Streck (2001)<\/p>\n<h4>For Human Dignity<\/h4>\n<p>Image-Film f\u00fcr die OSCE, 25 Minuten, Autor: Joachim Schroeder (2000)<\/p>\n<h4>Endstation Wien &#8211; Die Leichen aus der Sensengasse<\/h4>\n<p>Reportage, 30 Minuten, Sat.1 \/ 24 Stunden, Autor: Volker Wild (1998) \/ <strong>Deutscher Fernsehpreis f\u00fcr die beste Reportage 1999<\/strong><\/p>\n<h4>Der Tod war schneller &#8211; Die Starfighteraff\u00e4re<\/h4>\n<p>Dokumentation, 45 Minuten, NDR, Autoren: Dieter Schr\u00f6der und Joachim Schroeder (1998)<\/p>\n<h4>Oben der Himmel, unten der Tod<\/h4>\n<p>Dokumentation, 45 Minuten, Kabel1 \/ Pro7 \/ Abenteuer Leben, Autor: Joachim Schroeder (1996\/97)<\/p>\n<h4>Internationale Brigaden &#8211; Freiwillige im spanischen B\u00fcrgerkrieg<\/h4>\n<p>Dokumentation, 50 minuten, SDR\/Arte, Autoren: Ute B\u00f6nnen und Gerald Endres (1996)<\/p>\n<h4>Zweier Teufel General &#8211; Wlassow<\/h4>\n<p>Dokumentation, 60 Minuten, Internationale Koproduktion WDR, SFB und russisches Fernsehen, Autor: Ingo Bethke (1994)<\/p>\n","protected":false},"excerpt":{"rendered":"<p>Seit 1995 arbeite ich als freier Kameramann. Neben einigen Magazinbeitr\u00e4gen f\u00fcr meist deutsche Fernsehsender, Imagefilmen, Videoclips, Interviews und Moderationen habe ich in dieser Zeit vor allem Dokumentationen und Reportagen gedreht. Hier eine Auswahl: Der ewige Antisemit &#8211; Die Geschichte einer unerwiderten Liebe Dokumentarfilm, 80 Minuten, BR Fernsehen, Autoren: Henryk M. Broder, Joachim Schroeder (2017) Auserw\u00e4hlt &hellip; <\/p>\n<p class=\"link-more\"><a href=\"http:\/\/matthiasbenzing.com\/?page_id=110\" class=\"more-link\"><span class=\"screen-reader-text\">\u201eFilme\u201c<\/span> weiterlesen<\/a><\/p>\n","protected":false},"author":1,"featured_media":0,"parent":0,"menu_order":0,"comment_status":"closed","ping_status":"closed","template":"","meta":[],"_links":{"self":[{"href":"http:\/\/matthiasbenzing.com\/index.php?rest_route=\/wp\/v2\/pages\/110"}],"collection":[{"href":"http:\/\/matthiasbenzing.com\/index.php?rest_route=\/wp\/v2\/pages"}],"about":[{"href":"http:\/\/matthiasbenzing.com\/index.php?rest_route=\/wp\/v2\/types\/page"}],"author":[{"embeddable":true,"href":"http:\/\/matthiasbenzing.com\/index.php?rest_route=\/wp\/v2\/users\/1"}],"replies":[{"embeddable":true,"href":"http:\/\/matthiasbenzing.com\/index.php?rest_route=%2Fwp%2Fv2%2Fcomments&post=110"}],"version-history":[{"count":12,"href":"http:\/\/matthiasbenzing.com\/index.php?rest_route=\/wp\/v2\/pages\/110\/revisions"}],"predecessor-version":[{"id":432,"href":"http:\/\/matthiasbenzing.com\/index.php?rest_route=\/wp\/v2\/pages\/110\/revisions\/432"}],"wp:attachment":[{"href":"http:\/\/matthiasbenzing.com\/index.php?rest_route=%2Fwp%2Fv2%2Fmedia&parent=110"}],"curies":[{"name":"wp","href":"https:\/\/api.w.org\/{rel}","templated":true}]}}